{"id":2203,"date":"2023-06-21T07:39:16","date_gmt":"2023-06-21T07:39:16","guid":{"rendered":"https:\/\/thewildrover.no\/sommerprogram\/"},"modified":"2023-11-06T08:52:51","modified_gmt":"2023-11-06T08:52:51","slug":"sommerprogram","status":"publish","type":"page","link":"https:\/\/thewildrover.no\/en\/sommerprogram\/","title":{"rendered":"Sommerprogram"},"content":{"rendered":"\n<h3>\n\t\tSommerprogram p\u00e5 the wild rover\n\t<\/h3>\n\t<h4>Se det beste av sport i sommer<\/h4>\n<p><strong>En sommer full av action og spenning &#8211;<\/strong> f\u00e5 med deg The Wild Rovers fantastiske sommerprogram! F\u00f8lg Hovland under <em>US Open<\/em> og <em>The Open<\/em>, <em>Eliteserien<\/em>, h\u00f8ydepunktene fra <em>VM for kvinner<\/em> i Australia og New Zealand, <em>Paralypics<\/em>, Casper Ruud i <em>Wimbledon<\/em>, <em>Tour de France<\/em>, <em>Formula 1<\/em> og mye mye mer.<\/p>\n<p>Sommerprogrammet p\u00e5 The Wild Rover kan du se midt i Karl Johans gate, p\u00e5 v\u00e5r fotballoase, med masse skjermer, gode sitteplasser, bar og en stor matmeny.<\/p>\n<p>Hver onsdag til l\u00f8rdag spiller Oslos fremste trubadurer opp til fest etter kampslutt. Velkommen til nachspiel, grav\u00f8l eller champagne!<\/p>\n\t\t\t<a href=\"https:\/\/thewildrover.no\/en\/sommerprogram\/#fotball\" target=\"_self\" rel=\"noopener\">\n\t\t\t\t\t\t\tFotball\n\t\t\t\t\t<\/a>\n\t\t\t<a href=\"https:\/\/thewildrover.no\/en\/sommerprogram\/#golf\" target=\"_self\" rel=\"noopener\">\n\t\t\t\t\t\t\tGolf\n\t\t\t\t\t<\/a>\n\t\t\t<a href=\"https:\/\/thewildrover.no\/en\/sommerprogram\/#paralympics\" target=\"_self\" rel=\"noopener\">\n\t\t\t\t\t\t\tParalympics\n\t\t\t\t\t<\/a>\n\t\t\t<a href=\"https:\/\/thewildrover.no\/en\/sommerprogram\/#tennis\" target=\"_self\" rel=\"noopener\">\n\t\t\t\t\t\t\tTennis\n\t\t\t\t\t<\/a>\n\t\t\t<a href=\"https:\/\/thewildrover.no\/en\/sommerprogram\/#formula1\" target=\"_self\" rel=\"noopener\">\n\t\t\t\t\t\t\tFormel 1\n\t\t\t\t\t<\/a>\n\t\t\t<a href=\"https:\/\/thewildrover.no\/en\/sommerprogram\/#sykling\" target=\"_self\" rel=\"noopener\">\n\t\t\t\t\t\t\tSykling\n\t\t\t\t\t<\/a>\n\t\t\t<a href=\"https:\/\/thewildrover.no\/en\/sommerprogram\/#gruppe\" target=\"_self\" rel=\"noopener\">\n\t\t\t\t\t\t\tSt\u00f8rre gruppe?\n\t\t\t\t\t<\/a>\n\t\t\t<a href=\"https:\/\/thewildrover.no\/en\/sommerprogram\/#livemusikk\" target=\"_self\" rel=\"noopener\">\n\t\t\t\t\t\t\tLive musikk\n\t\t\t\t\t<\/a>\n\t\t\t<a href=\"https:\/\/thewildrover.no\/en\/book\/\" target=\"_self\" rel=\"noopener\">\n\t\t\t\t\t\t\tBook bord\n\t\t\t\t\t<\/a>\n\t\t\t\t<img loading=\"lazy\" decoding=\"async\" src=\"https:\/\/thewildrover.no\/wp-content\/uploads\/2023\/04\/DSC08232-3-scaled.jpg\" alt=\"sommerprogram premier league\" itemprop=\"image\" height=\"2040\" width=\"2560\" title=\"DSC08232 (3)\" onerror=\"this.style.display='none'\">\n<h4>\n\t\tse fotball\n\t<\/h4>\n\t\t<h5>juni og juli<\/h5><h3>nm<\/h3>\t\t\t\n\t\t\t\t<p>F\u00f8lg fotball-NM gjennom hele sommeren.<\/p>\n\t\t\t<a href=\"https:\/\/www.sevenrooms.com\/reservations\/thewildrover\" target=\"_self\" role=\"button\" aria-label=\"Book bord\" rel=\"noopener\">\n\t\t\t\t\t\t\tBook bord\n\t\t<\/a>\n\t\t<h5>hele sommeren<\/h5><h3>eliteserien<\/h3>\t\t\t\n\t\t\t\t<p>Eliteserien spilles gjennom hele sommeren, og bare i juli spilles det over 40 kamper!<\/p>\n\t\t\t<a href=\"https:\/\/www.sevenrooms.com\/reservations\/thewildrover\" target=\"_self\" role=\"button\" aria-label=\"Book bord\" rel=\"noopener\">\n\t\t\t\t\t\t\tBook bord\n\t\t<\/a>\n\t\t<h5>10. juli &#8211; 20. august<\/h5><h3>VM (damer)<\/h3>\t\t\t\n\t\t\t\t<p>The Wild Rover viser hightlights fra fotball-VM for kvinner i Australia og New Zealand. Norges \u00e5pningskamp spilles 20. juli.<\/p>\n\t\t\t<a href=\"https:\/\/www.sevenrooms.com\/reservations\/thewildrover\" target=\"_self\" role=\"button\" aria-label=\"Book bord\" rel=\"noopener\">\n\t\t\t\t\t\t\tBook bord\n\t\t<\/a>\n<h4>\n\t\tse golf \n\t<\/h4>\n\t\t<h5>15. &#8211; 18. juli<\/h5><h3>US Open<\/h3>\t\t\t\n\t\t\t\t<p>Ta del i den uforglemmelige golfopplevelsen n\u00e5r US Open g\u00e5r av stabelen, og Oslo-gutten Viktor Hovland med resten av verdens beste golfspillere, konkurrerer om den ettertraktede tittelen.<\/p>\n<p>Utforsk de majestetiske fairwayene og utfordrende greener p\u00e5 noen av de mest ikoniske golfbanene i USA, og opplev spenningen og dramaet som bare US Open kan levere.<\/p>\n\t\t\t<a href=\"https:\/\/www.sevenrooms.com\/reservations\/thewildrover\" target=\"_self\" role=\"button\" aria-label=\"Book bord\" rel=\"noopener\">\n\t\t\t\t\t\t\tBook bord\n\t\t<\/a>\n\t\t<h5>20. &#8211; 23. juli<\/h5><h3>the open<\/h3>\t\t\t\n\t\t\t\t<p>Bli med \u00e5 hei Norges h\u00e5p, Viktor Hovland, som ligger p\u00e5 6 plass p\u00e5 oddsen frem under The Open. The Open Championship, ogs\u00e5 kjent som The Open eller British Open, er en av de fire majorturneringene i profesjonell golf. Den eldste av dem alle, The Open har blitt arrangert \u00e5rlig siden 1860 og tiltrekker seg verdens beste golfspillere.<\/p>\n<p>Turneringen finner sted p\u00e5 varierte golfbaner i Storbritannia, i \u00e5r i Liverpool, og er kjent for sitt utfordrende spill og v\u00e6rutsatte forhold. Vinneren blir tildelt det prestisjetunge Claret Jug-trofeet.&nbsp;<\/p>\n\t\t\t<a href=\"https:\/\/www.sevenrooms.com\/reservations\/thewildrover\" target=\"_self\" role=\"button\" aria-label=\"Book bord\" rel=\"noopener\">\n\t\t\t\t\t\t\tBook bord\n\t\t<\/a>\n<h4>\n\t\tse paralympics \n\t<\/h4>\n\t\t<h5>16. &#8211; 25. juni<\/h5><h3>flere sporter<\/h3>\t\t\t\n\t\t\t\t<p><strong>Berlin. Aldri har Norge sendt en st\u00f8rre tropp.<\/strong><br><strong>Norge konkurrerer i Badminton, Bowling, Friidrett, Golf, H\u00e5ndball, Judo, Ridning, Rytmisk gymnastikk, Sv\u00f8mming og turn.<\/strong><\/p>\n<p>Bli med p\u00e5 en inspirerende reise med Paralympics 2023, hvor verdens fremste para-idrettsut\u00f8vere samles for \u00e5 vise sin utrolige styrke og mot. Opplev uforglemmelige \u00f8yeblikk n\u00e5r grensene for hva som er mulig blir utfordret og knust. Med spektakul\u00e6re idrettsprestasjoner, lidenskap og inkludering, er Paralympics 2023 en feiring av menneskelig triumf og en p\u00e5minnelse om at intet er umulig.&nbsp;<\/p>\n\t\t\t<a href=\"https:\/\/www.sevenrooms.com\/reservations\/thewildrover\" target=\"_self\" role=\"button\" aria-label=\"Book bord\" rel=\"noopener\">\n\t\t\t\t\t\t\tBook bord\n\t\t<\/a>\n<h4>\n\t\tse tennis\n\t<\/h4>\n\t\t<h5>2. &#8211; 16. juli<\/h5><h3>wimbledon<\/h3>\t\t\t\n\t\t\t\t<p><b>Vi heier frem v\u00e5rt norske h\u00e5p, som ogs\u00e5 er rangert som en av de beste i verden; Casper Ruud!&nbsp;<\/b><\/p>\n<p>Wimbledon er en av de mest prestisjefylte tennis-turneringene i verden og er kjent for \u00e5 v\u00e6re den eldste Grand Slam-turneringen. Turneringen har blitt spilt siden 1877 og tiltrekker seg de beste tennisut\u00f8verne fra hele verden. Wimbledon er unikt ved at den spilles p\u00e5 gress, og turneringen har en rik tradisjon og seremoniell atmosf\u00e6re, inkludert den ber\u00f8mte &#8220;Royal Box&#8221;. Vinnerne av herre- og dameklassen blir tildelt de ettertraktede trofeene, henholdsvis Gentlemen&#8217;s Singles Trophy og Ladies&#8217; Singles Trophy. Wimbledon er kjent for sin eleganse, tradisjon og betydning i tennisverdenen.<\/p>\n\t\t\t<a href=\"https:\/\/www.sevenrooms.com\/reservations\/thewildrover\" target=\"_self\" role=\"button\" aria-label=\"Book bord\" rel=\"noopener\">\n\t\t\t\t\t\t\tBook bord\n\t\t<\/a>\n<h4>\n\t\tse formel 1 \n\t<\/h4>\n\t\t<h5>18. juni<\/h5><h3>Canadian gp <\/h3>\t\t\t\n\t\t\t<a href=\"https:\/\/www.sevenrooms.com\/reservations\/thewildrover\" target=\"_self\" role=\"button\" aria-label=\"Book bord\" rel=\"noopener\">\n\t\t\t\t\t\t\tBook bord\n\t\t<\/a>\n\t\t<h5>2. juli<\/h5><h3>austrian gp<\/h3>\t\t\t\n\t\t\t<a href=\"https:\/\/www.sevenrooms.com\/reservations\/thewildrover\" target=\"_self\" role=\"button\" aria-label=\"Book bord\" rel=\"noopener\">\n\t\t\t\t\t\t\tBook bord\n\t\t<\/a>\n\t\t<h5>9. juli<\/h5><h3>UK gp<\/h3>\t\t\t\n\t\t\t<a href=\"https:\/\/www.sevenrooms.com\/reservations\/thewildrover\" target=\"_self\" role=\"button\" aria-label=\"Book bord\" rel=\"noopener\">\n\t\t\t\t\t\t\tBook bord\n\t\t<\/a>\n\t\t<h5>23. juli<\/h5><h3>hugary gp<\/h3>\t\t\t\n\t\t\t<a href=\"https:\/\/www.sevenrooms.com\/reservations\/thewildrover\" target=\"_self\" role=\"button\" aria-label=\"Book bord\" rel=\"noopener\">\n\t\t\t\t\t\t\tBook bord\n\t\t<\/a>\n\t\t<h5>23. juli<\/h5><h3>belgium gp<\/h3>\t\t\t\n\t\t\t<a href=\"https:\/\/www.sevenrooms.com\/reservations\/thewildrover\" target=\"_self\" role=\"button\" aria-label=\"Book bord\" rel=\"noopener\">\n\t\t\t\t\t\t\tBook bord\n\t\t<\/a>\n<h4>\n\t\tSe sykling \n\t<\/h4>\n\t\t<h5>1. &#8211; 23. juli<\/h5><h3>Tour de france<\/h3>\t\t\t\n\t\t\t\t<p>F\u00f8lg verdens st\u00f8rste sykkelturnering gjennom Frankrike n\u00e5r Norge for f\u00f8rste gang er med som deltakende lag, med Uno-X<\/p>\n\t\t\t<a href=\"https:\/\/www.sevenrooms.com\/reservations\/thewildrover\" target=\"_self\" role=\"button\" aria-label=\"Book bord\" rel=\"noopener\">\n\t\t\t\t\t\t\tBook bord\n\t\t<\/a>\n\t\t<h5>august<\/h5><h3>vm sykkel<\/h3>\t\t\t\n\t\t\t\t<p>Mer informasjon kommer.&nbsp;<\/p>\n\t\t\t<a href=\"https:\/\/www.sevenrooms.com\/reservations\/thewildrover\" target=\"_self\" role=\"button\" aria-label=\"Book bord\" rel=\"noopener\">\n\t\t\t\t\t\t\tBook bord\n\t\t<\/a>\n\t<h4>er dere en st\u00f8rre gruppe?<\/h4>\n\t<p>V\u00e5ren og sommeren p\u00e5 The Wild Rover er skikkelig hyggelig, og ettopp derfor har vi satt sammen et stort sommerprogran. God stemning, masse mat, stort utvalg i baren, live musikk fra v\u00e5re trubadurer &#8211; i tillegg til MASSE sport p\u00e5 skjermene. Ut mot Karl Johans gate finnes v\u00e5r flotte uteservering hvor du kan se kamp, people-watche eller bare kose deg med noe godt i glasset.<\/p>\n<p>The Wild Rover har to etasjer med til sammen 350 sitteplasser, s\u00e5 her kan b\u00e5de store og sm\u00e5 gjenger f\u00e5 bli med p\u00e5 festen.<\/p>\n<p>Ta kontakt med oss dersom dere er en st\u00f8rre gruppe som vi se en kamp, leie en b\u00e5s eller tre, 2. etasje eller hele stedet.<\/p>\n<p><strong>Vi har egen 2-retters gruppemeny om du er interessert i et deilig m\u00e5ltid til kampen.&nbsp;<\/strong><\/p>\n<p>Vil du vite mer? Kontakt oss for en uforpliktende prat, en tidlig befaring eller for \u00e5 reservere \u00f8nsket dato: <strong><a href=\"mailto:christian@skagstind.no\">christian@skagstind.no<\/a><\/strong><\/p>\n\t\t\t<a href=\"https:\/\/thewildrover.no\/utleie\/\" target=\"_self\" rel=\"noopener\">\n\t\t\t\t\t\t\tLes mer om utleie av lokalet\n\t\t\t\t\t<\/a>\n\t\t\t\t<img loading=\"lazy\" decoding=\"async\" src=\"https:\/\/thewildrover.no\/wp-content\/uploads\/2021\/10\/P1533595-scaled.jpg\" alt=\"P1533595\" itemprop=\"image\" height=\"2560\" width=\"1920\" title=\"P1533595\" onerror=\"this.style.display='none'\">\n","protected":false},"excerpt":{"rendered":"<p>Sommerprogram p\u00e5 the wild rover Se det beste av sport i sommer En sommer full av action og spenning &#8211; f\u00e5 med deg The Wild Rovers fantastiske sommerprogram! F\u00f8lg Hovland under US Open og The Open, Eliteserien, h\u00f8ydepunktene fra VM for kvinner i Australia og New Zealand, Paralypics, Casper Ruud i Wimbledon, Tour de France,&hellip;<\/p>\n","protected":false},"author":10,"featured_media":2068,"parent":0,"menu_order":0,"comment_status":"closed","ping_status":"closed","template":"","meta":{"footnotes":""},"class_list":["post-2203","page","type-page","status-publish","has-post-thumbnail","hentry"],"acf":[],"_links":{"self":[{"href":"https:\/\/thewildrover.no\/en\/wp-json\/wp\/v2\/pages\/2203","targetHints":{"allow":["GET"]}}],"collection":[{"href":"https:\/\/thewildrover.no\/en\/wp-json\/wp\/v2\/pages"}],"about":[{"href":"https:\/\/thewildrover.no\/en\/wp-json\/wp\/v2\/types\/page"}],"author":[{"embeddable":true,"href":"https:\/\/thewildrover.no\/en\/wp-json\/wp\/v2\/users\/10"}],"replies":[{"embeddable":true,"href":"https:\/\/thewildrover.no\/en\/wp-json\/wp\/v2\/comments?post=2203"}],"version-history":[{"count":18,"href":"https:\/\/thewildrover.no\/en\/wp-json\/wp\/v2\/pages\/2203\/revisions"}],"predecessor-version":[{"id":2577,"href":"https:\/\/thewildrover.no\/en\/wp-json\/wp\/v2\/pages\/2203\/revisions\/2577"}],"wp:featuredmedia":[{"embeddable":true,"href":"https:\/\/thewildrover.no\/en\/wp-json\/wp\/v2\/media\/2068"}],"wp:attachment":[{"href":"https:\/\/thewildrover.no\/en\/wp-json\/wp\/v2\/media?parent=2203"}],"curies":[{"name":"wp","href":"https:\/\/api.w.org\/{rel}","templated":true}]}}